{"id":3,"date":"2024-06-10T15:30:49","date_gmt":"2024-06-10T13:30:49","guid":{"rendered":"http:\/\/gofullspeedo.es\/?page_id=3"},"modified":"2026-04-22T15:01:53","modified_gmt":"2026-04-22T13:01:53","slug":"politica-privacidad","status":"publish","type":"page","link":"https:\/\/speedovacation.com\/index.php\/politica-privacidad\/","title":{"rendered":"Pol\u00edtica de privacidad"},"content":{"rendered":"\t\t<div data-elementor-type=\"wp-page\" data-elementor-id=\"3\" class=\"elementor elementor-3\" data-elementor-post-type=\"page\">\n\t\t\t\t<div class=\"elementor-element elementor-element-c87b448 e-con-full e-flex e-con e-parent\" data-id=\"c87b448\" data-element_type=\"container\" data-e-type=\"container\" data-settings=\"{&quot;background_background&quot;:&quot;classic&quot;}\">\n\t\t\t\t<div class=\"elementor-element elementor-element-c389ffd elementor-widget elementor-widget-image\" data-id=\"c389ffd\" data-element_type=\"widget\" data-e-type=\"widget\" data-widget_type=\"image.default\">\n\t\t\t\t<div class=\"elementor-widget-container\">\n\t\t\t\t\t\t\t\t\t\t\t\t\t\t\t\t<a href=\"https:\/\/speedovacation.com\">\n\t\t\t\t\t\t\t<img decoding=\"async\" width=\"104\" height=\"37\" src=\"https:\/\/speedovacation.com\/wp-content\/uploads\/favicon-svg-blanco.svg\" class=\"attachment-full size-full wp-image-571\" alt=\"\" \/>\t\t\t\t\t\t\t\t<\/a>\n\t\t\t\t\t\t\t\t\t\t\t\t\t\t\t<\/div>\n\t\t\t\t<\/div>\n\t\t\t\t<div class=\"elementor-element elementor-element-312b745 elementor-widget elementor-widget-text-editor\" data-id=\"312b745\" data-element_type=\"widget\" data-e-type=\"widget\" data-widget_type=\"text-editor.default\">\n\t\t\t\t<div class=\"elementor-widget-container\">\n\t\t\t\t\t\t\t\t\t<h1><strong>Pol\u00edtica de privacidad<\/strong><\/h1><p><strong>Pol\u00edtica de privacidad del sitio web <span style=\"color: #ffffff;\"><a style=\"color: #ffffff;\" href=\"https:\/\/speedovacation.com\/\">https:\/\/speedovacation.com\/<\/a><\/span><\/strong><\/p><p><strong>\u00a0<\/strong><\/p><ol><li><strong>Responsable del tratamiento:<\/strong><\/li><\/ol><p>La responsable del tratamiento de los datos recabados a trav\u00e9s del Sitio Web es DICALTEX INTERNACIONAL, S.L. con domicilio social en c\/ Narciso Monturiol, 7, naves 13 y 14, Elche Parque Empresarial, 03203 Elche (Alicante), con NIF: B54361944, debidamente inscrita en el Registro Mercantil de Alicante, al tomo 3.314, folio 112, secci\u00f3n 8, hoja A-113.704. En adelante, DICALTEX.<\/p><p>Puedes contactar con DICALTEX de forma directa y efectiva a trav\u00e9s del correo electr\u00f3nico\u00a0<a href=\"mailto:administracion@dicaltex.es\">administracion@dicaltex.es<\/a>\u00a0en relaci\u00f3n con la presente pol\u00edtica de privacidad.<\/p><ol start=\"2\"><li><strong>Categor\u00eda de los datos recabados:<\/strong><\/li><\/ol><p>Los datos personales recabados son datos identificativos que en ning\u00fan caso tienen la consideraci\u00f3n de categor\u00edas especiales de datos.<\/p><p>Al proporcionar datos\u00a0 declaras de forma expresa que te encuentras legitimado\/a para hacerlo y te obligas a proporcionar informaci\u00f3n veraz, exacta y completa de tus datos, siendo, en caso contrario, el \u00fanico responsable del incumplimiento de dicha obligaci\u00f3n.<\/p><p>Ser\u00e1 asimismo de tu exclusiva responsabilidad mantener actualizada la informaci\u00f3n proporcionada, cosa que podr\u00e1s hacer remitiendo un correo electr\u00f3nico a la direcci\u00f3n antedicha o a trav\u00e9s de tu cuenta cliente, si la has creado.<\/p><ol start=\"3\"><li><strong>Finalidad y legitimaci\u00f3n (base jur\u00eddica) para el tratamiento de los datos personales:\u00a0<\/strong>DICALTEX tratar\u00e1 los datos personales recabados, con las siguientes finalidades y legitimaci\u00f3n (base jur\u00eddica para el tratamiento de tus datos):<\/li><\/ol><p><strong>3.1. En caso de compra o contrataci\u00f3n de los productos y\/o servicios de DICALTEX:<\/strong><\/p><p>En caso de compra o contrataci\u00f3n de alg\u00fan producto y\/o servicio de DICALTEX, tus datos ser\u00e1n tratados:<\/p><p><strong>\u2013\u00a0<\/strong>Para mantener la relaci\u00f3n negocial, as\u00ed como la gesti\u00f3n, administraci\u00f3n, informaci\u00f3n, prestaci\u00f3n y mejora del servicio, sobre la base jur\u00eddica de la ejecuci\u00f3n de un contrato en el eres parte como interesado.<\/p><p>\u2013 Para el env\u00edo de comunicaciones comerciales sobre la base del inter\u00e9s leg\u00edtimo por mercadotecnia directa, salvo que te opongas a ello en cualquier momento.<\/p><p><strong>3.2.\u00a0<\/strong><strong>Remitir comunicaciones comerciales:<\/strong><\/p><p>Si no has contratado ninguno de los productos y\/o servicios de DICALTEX, trataremos tus datos con el fin de remitirte comunicaciones comerciales o contactar contigo por tel\u00e9fono para ofrecerte nuestros productos y\/o servicios, siempre y cuando contemos con tu consentimiento informado, libre, espec\u00edfico e inequ\u00edvoco, siendo ese consentimiento la base jur\u00eddica legitimadora del tratamiento. En cualquier caso, dispones de la facultad de retirar el consentimiento prestado y\/u oponerte al env\u00edo de comunicaciones comerciales en cualquier momento.<\/p><p><strong>3.3. En caso de utilizar cualquier formulario de contacto o remitir un correo electr\u00f3nico:\u00a0<\/strong>Para proporcionarte la informaci\u00f3n que nos solicites, sobre la base jur\u00eddica del inter\u00e9s leg\u00edtimo de DICALTEX de atender la solicitud de informaci\u00f3n.<\/p><p><strong>\u00a0<\/strong><\/p><ol start=\"4\"><li><strong>\u00bfPor cu\u00e1nto tiempo se conservan los datos personales recabados?:<\/strong><\/li><\/ol><p>Los datos personales proporcionados se conservar\u00e1n mientras exista un inter\u00e9s mutuo para mantener el fin del tratamiento y durante el plazo por el cu\u00e1l pudieran derivarse responsabilidades por los servicios prestados al interesado: 6 a\u00f1os en cuanto a libros de contabilidad, facturas, etc., seg\u00fan el Art. 30 del C\u00f3digo de Comercio,\u00a0 5 a\u00f1os para ejercitar acciones personales sin plazo especial (art. 1.964 C\u00f3digo Civil); 4 a\u00f1os: Art. 66 y ss. de la Ley General Tributaria (impuestos, etc.).<\/p><p>Cuando ya no sea necesario para tales fines, se suprimir\u00e1n con medidas de seguridad adecuadas para garantizar la seudonimizaci\u00f3n de los datos o la destrucci\u00f3n total de los mismos.<\/p><p><strong>\u00a0<\/strong><\/p><ol start=\"5\"><li><strong>Destinatarios:<\/strong><\/li><\/ol><p>Los datos no se comunicar\u00e1n a ning\u00fan tercero ajeno a DICALTEX, salvo obligaci\u00f3n legal o que nos prestes tu consentimiento informado, libre, espec\u00edfico e inequ\u00edvoco a tal fin.<\/p><p>Como encargados de tratamiento que pueden tener acceso a los datos personales del interesado, siguiendo instrucciones de DICALTEX, \u00e9ste tiene contratados los servicios de empresas, con las que adem\u00e1s tiene suscrito un contrato de encargado de tratamiento conforme a lo establecido en la normativa aplicable en materia de protecci\u00f3n de datos.<\/p><ol start=\"6\"><li><strong>Transferencias Internacionales<\/strong>:<\/li><\/ol><p>DICALTEX no realiza transferencias internacionales de datos.<\/p><ol start=\"7\"><li><strong>Derechos:<\/strong><\/li><\/ol><p>Como interesado\/a que nos has proporcionado tus datos personales, est\u00e1s facultado\/a para ejercitar los siguientes derechos que la normativa en materia de protecci\u00f3n de datos te reconoce de forma expresa, conforme a lo previsto en la misma:\u00a0\u00a0\u00a0\u00a0\u00a0<\/p><p>\u2013 Derecho de acceso a tus datos personales<\/p><p>\u2013 Derecho de solicitar la rectificaci\u00f3n de los datos inexactos<\/p><p>\u2013 Derecho de solicitar la supresi\u00f3n de tus datos, cuando, entre otros motivos, los datos ya no sean necesarios para los fines que fueron recogidos.<\/p><p>\u2013 En determinadas circunstancias, podr\u00e1s solicitar la limitaci\u00f3n del tratamiento de tus datos, en cuyo caso \u00fanicamente los conservaremos para el ejercicio o la defensa de reclamaciones.<\/p><p>\u2013 En determinadas circunstancias y por motivos relacionados con tu situaci\u00f3n particular, podr\u00e1s ejercitar tu derecho de oposici\u00f3n al tratamiento de tus datos. Dejaremos de tratar los datos, salvo por motivos leg\u00edtimos imperiosos, o el ejercicio o la defensa de posibles reclamaciones.<\/p><p>\u2013 En determinadas circunstancias y por motivos relacionados con tu situaci\u00f3n particular, podr\u00e1s solicitar tu derecho a la portabilidad de los datos. Se trata de un derecho complementario al derecho de acceso, ya que permite obtener los datos que nos has proporcionado en un formato estructurado, de uso com\u00fan y de lectura mec\u00e1nica, pudiendo ser transmitidos de forma directa a otra entidad previa petici\u00f3n del Interesado.<\/p><p>Podr\u00e1s ejercer tales derechos, adem\u00e1s de a trav\u00e9s de las soluciones t\u00e9cnicas expuestas, solicitando por cualquier medio que deje constancia de su env\u00edo y de su recepci\u00f3n, expresando claramente tu voluntad en tal sentido y, en su caso, acompa\u00f1ando copia del DNI y\/o cualquier otra documentaci\u00f3n acreditativa de tu identidad, dirigi\u00e9ndote a la direcci\u00f3n de correo electr\u00f3nico antes indicada,\u00a0 o a la direcci\u00f3n postal anteriormente indicada.<\/p><p>Adem\u00e1s, en caso de que consideres que se ha vulnerado cualquiera de tus derechos, como interesado, est\u00e1s facultado para presentar una reclamaci\u00f3n ante la Agencia Espa\u00f1ola de Protecci\u00f3n de Datos (AEPD), sita en C\/ Jorge Juan, 6, 28001-Madrid\u00a0<a href=\"https:\/\/www.aepd.es\/\">https:\/\/www.aepd.es\/<\/a>\u00a0o a trav\u00e9s de la sede electr\u00f3nica de la AEPD:\u00a0<a href=\"https:\/\/sedeagpd.gob.es\/sede-electronica-web\/\">https:\/\/sedeagpd.gob.es\/sede-electronica-web\/<\/a>.<\/p><ol start=\"8\"><li><strong>Seguridad y actualizaci\u00f3n de tus datos personales:<\/strong><\/li><\/ol><p>Con el objetivo de salvaguardar la seguridad de tus datos personales, te informamos que se han adoptado todas las medidas de \u00edndole t\u00e9cnica y organizativa necesarias para garantizar la seguridad de los datos personales suministrados. Todo ello para evitar su alteraci\u00f3n, p\u00e9rdida, y\/o tratamientos o accesos no autorizados, tal como exige la normativa, si bien la seguridad absoluta no existe.<\/p><p>Es importante que, para que podamos mantener tus datos personales actualizados, nos informes siempre que se produzca una modificaci\u00f3n de estos.<\/p><p>En caso de que no nos facilites tus datos o lo hagas de forma err\u00f3nea o incompleta, no podremos atender tu solicitud, resultando del todo imposible proporcionarte la informaci\u00f3n solicitada o llevar a cabo la contrataci\u00f3n y\/o prestaci\u00f3n de los servicios.<\/p><ol start=\"9\"><li><strong>Confidencialidad:<\/strong><\/li><\/ol><p>Te informamos asimismo de que tus datos ser\u00e1n tratados con el m\u00e1ximo celo y confidencialidad por todo el personal que intervenga en cualquiera de las fases del tratamiento.<\/p><p><strong>\u00daltima actualizaci\u00f3n: Junio de 2025<\/strong><\/p>\t\t\t\t\t\t\t\t<\/div>\n\t\t\t\t<\/div>\n\t\t\t\t<\/div>\n\t\t\t\t<\/div>\n\t\t","protected":false},"excerpt":{"rendered":"<p>Pol\u00edtica de privacidad Pol\u00edtica de privacidad del sitio web https:\/\/speedovacation.com\/ \u00a0 Responsable del tratamiento: La responsable del tratamiento de los datos recabados a trav\u00e9s del Sitio Web es DICALTEX INTERNACIONAL, S.L. con domicilio social en c\/ Narciso Monturiol, 7, naves 13 y 14, Elche Parque Empresarial, 03203 Elche (Alicante), con NIF: B54361944, debidamente inscrita en [&hellip;]<\/p>\n","protected":false},"author":1,"featured_media":0,"parent":0,"menu_order":0,"comment_status":"closed","ping_status":"open","template":"","meta":{"footnotes":""},"class_list":["post-3","page","type-page","status-publish","hentry"],"yoast_head":"<!-- This site is optimized with the Yoast SEO plugin v27.4 - https:\/\/yoast.com\/product\/yoast-seo-wordpress\/ -->\n<title>Pol\u00edtica de privacidad - Speedo Vacation<\/title>\n<meta name=\"robots\" content=\"noindex, nofollow\" \/>\n<meta property=\"og:locale\" content=\"es_ES\" \/>\n<meta property=\"og:type\" content=\"article\" \/>\n<meta property=\"og:title\" content=\"Pol\u00edtica de privacidad - Speedo Vacation\" \/>\n<meta property=\"og:description\" content=\"Pol\u00edtica de privacidad Pol\u00edtica de privacidad del sitio web https:\/\/speedovacation.com\/ \u00a0 Responsable del tratamiento: La responsable del tratamiento de los datos recabados a trav\u00e9s del Sitio Web es DICALTEX INTERNACIONAL, S.L. con domicilio social en c\/ Narciso Monturiol, 7, naves 13 y 14, Elche Parque Empresarial, 03203 Elche (Alicante), con NIF: B54361944, debidamente inscrita en [&hellip;]\" \/>\n<meta property=\"og:url\" content=\"https:\/\/speedovacation.com\/index.php\/politica-privacidad\/\" \/>\n<meta property=\"og:site_name\" content=\"Speedo Vacation\" \/>\n<meta property=\"article:modified_time\" content=\"2026-04-22T13:01:53+00:00\" \/>\n<meta property=\"og:image\" content=\"http:\/\/speedovacation.com\/wp-content\/uploads\/favicon-svg-blanco.svg\" \/>\n<meta name=\"twitter:card\" content=\"summary_large_image\" \/>\n<meta name=\"twitter:label1\" content=\"Tiempo de lectura\" \/>\n\t<meta name=\"twitter:data1\" content=\"6 minutos\" \/>\n<script type=\"application\/ld+json\" class=\"yoast-schema-graph\">{\"@context\":\"https:\\\/\\\/schema.org\",\"@graph\":[{\"@type\":\"WebPage\",\"@id\":\"https:\\\/\\\/speedovacation.com\\\/index.php\\\/politica-privacidad\\\/\",\"url\":\"https:\\\/\\\/speedovacation.com\\\/index.php\\\/politica-privacidad\\\/\",\"name\":\"Pol\u00edtica de privacidad - Speedo Vacation\",\"isPartOf\":{\"@id\":\"https:\\\/\\\/speedovacation.com\\\/#website\"},\"primaryImageOfPage\":{\"@id\":\"https:\\\/\\\/speedovacation.com\\\/index.php\\\/politica-privacidad\\\/#primaryimage\"},\"image\":{\"@id\":\"https:\\\/\\\/speedovacation.com\\\/index.php\\\/politica-privacidad\\\/#primaryimage\"},\"thumbnailUrl\":\"http:\\\/\\\/speedovacation.com\\\/wp-content\\\/uploads\\\/favicon-svg-blanco.svg\",\"datePublished\":\"2024-06-10T13:30:49+00:00\",\"dateModified\":\"2026-04-22T13:01:53+00:00\",\"breadcrumb\":{\"@id\":\"https:\\\/\\\/speedovacation.com\\\/index.php\\\/politica-privacidad\\\/#breadcrumb\"},\"inLanguage\":\"es\",\"potentialAction\":[{\"@type\":\"ReadAction\",\"target\":[\"https:\\\/\\\/speedovacation.com\\\/index.php\\\/politica-privacidad\\\/\"]}]},{\"@type\":\"ImageObject\",\"inLanguage\":\"es\",\"@id\":\"https:\\\/\\\/speedovacation.com\\\/index.php\\\/politica-privacidad\\\/#primaryimage\",\"url\":\"https:\\\/\\\/speedovacation.com\\\/wp-content\\\/uploads\\\/favicon-svg-blanco.svg\",\"contentUrl\":\"https:\\\/\\\/speedovacation.com\\\/wp-content\\\/uploads\\\/favicon-svg-blanco.svg\",\"width\":104,\"height\":37},{\"@type\":\"BreadcrumbList\",\"@id\":\"https:\\\/\\\/speedovacation.com\\\/index.php\\\/politica-privacidad\\\/#breadcrumb\",\"itemListElement\":[{\"@type\":\"ListItem\",\"position\":1,\"name\":\"Portada\",\"item\":\"https:\\\/\\\/speedovacation.com\\\/\"},{\"@type\":\"ListItem\",\"position\":2,\"name\":\"Pol\u00edtica de privacidad\"}]},{\"@type\":\"WebSite\",\"@id\":\"https:\\\/\\\/speedovacation.com\\\/#website\",\"url\":\"https:\\\/\\\/speedovacation.com\\\/\",\"name\":\"Go Full Speedo\",\"description\":\"\",\"publisher\":{\"@id\":\"https:\\\/\\\/speedovacation.com\\\/#organization\"},\"potentialAction\":[{\"@type\":\"SearchAction\",\"target\":{\"@type\":\"EntryPoint\",\"urlTemplate\":\"https:\\\/\\\/speedovacation.com\\\/?s={search_term_string}\"},\"query-input\":{\"@type\":\"PropertyValueSpecification\",\"valueRequired\":true,\"valueName\":\"search_term_string\"}}],\"inLanguage\":\"es\"},{\"@type\":\"Organization\",\"@id\":\"https:\\\/\\\/speedovacation.com\\\/#organization\",\"name\":\"Go Full Speedo\",\"url\":\"https:\\\/\\\/speedovacation.com\\\/\",\"logo\":{\"@type\":\"ImageObject\",\"inLanguage\":\"es\",\"@id\":\"https:\\\/\\\/speedovacation.com\\\/#\\\/schema\\\/logo\\\/image\\\/\",\"url\":\"http:\\\/\\\/speedovacation.com\\\/wp-content\\\/uploads\\\/logo-speedo.png\",\"contentUrl\":\"http:\\\/\\\/speedovacation.com\\\/wp-content\\\/uploads\\\/logo-speedo.png\",\"width\":287,\"height\":192,\"caption\":\"Go Full Speedo\"},\"image\":{\"@id\":\"https:\\\/\\\/speedovacation.com\\\/#\\\/schema\\\/logo\\\/image\\\/\"}}]}<\/script>\n<!-- \/ Yoast SEO plugin. -->","yoast_head_json":{"title":"Pol\u00edtica de privacidad - Speedo Vacation","robots":{"index":"noindex","follow":"nofollow"},"og_locale":"es_ES","og_type":"article","og_title":"Pol\u00edtica de privacidad - Speedo Vacation","og_description":"Pol\u00edtica de privacidad Pol\u00edtica de privacidad del sitio web https:\/\/speedovacation.com\/ \u00a0 Responsable del tratamiento: La responsable del tratamiento de los datos recabados a trav\u00e9s del Sitio Web es DICALTEX INTERNACIONAL, S.L. con domicilio social en c\/ Narciso Monturiol, 7, naves 13 y 14, Elche Parque Empresarial, 03203 Elche (Alicante), con NIF: B54361944, debidamente inscrita en [&hellip;]","og_url":"https:\/\/speedovacation.com\/index.php\/politica-privacidad\/","og_site_name":"Speedo Vacation","article_modified_time":"2026-04-22T13:01:53+00:00","og_image":[{"url":"http:\/\/speedovacation.com\/wp-content\/uploads\/favicon-svg-blanco.svg","type":"","width":"","height":""}],"twitter_card":"summary_large_image","twitter_misc":{"Tiempo de lectura":"6 minutos"},"schema":{"@context":"https:\/\/schema.org","@graph":[{"@type":"WebPage","@id":"https:\/\/speedovacation.com\/index.php\/politica-privacidad\/","url":"https:\/\/speedovacation.com\/index.php\/politica-privacidad\/","name":"Pol\u00edtica de privacidad - Speedo Vacation","isPartOf":{"@id":"https:\/\/speedovacation.com\/#website"},"primaryImageOfPage":{"@id":"https:\/\/speedovacation.com\/index.php\/politica-privacidad\/#primaryimage"},"image":{"@id":"https:\/\/speedovacation.com\/index.php\/politica-privacidad\/#primaryimage"},"thumbnailUrl":"http:\/\/speedovacation.com\/wp-content\/uploads\/favicon-svg-blanco.svg","datePublished":"2024-06-10T13:30:49+00:00","dateModified":"2026-04-22T13:01:53+00:00","breadcrumb":{"@id":"https:\/\/speedovacation.com\/index.php\/politica-privacidad\/#breadcrumb"},"inLanguage":"es","potentialAction":[{"@type":"ReadAction","target":["https:\/\/speedovacation.com\/index.php\/politica-privacidad\/"]}]},{"@type":"ImageObject","inLanguage":"es","@id":"https:\/\/speedovacation.com\/index.php\/politica-privacidad\/#primaryimage","url":"https:\/\/speedovacation.com\/wp-content\/uploads\/favicon-svg-blanco.svg","contentUrl":"https:\/\/speedovacation.com\/wp-content\/uploads\/favicon-svg-blanco.svg","width":104,"height":37},{"@type":"BreadcrumbList","@id":"https:\/\/speedovacation.com\/index.php\/politica-privacidad\/#breadcrumb","itemListElement":[{"@type":"ListItem","position":1,"name":"Portada","item":"https:\/\/speedovacation.com\/"},{"@type":"ListItem","position":2,"name":"Pol\u00edtica de privacidad"}]},{"@type":"WebSite","@id":"https:\/\/speedovacation.com\/#website","url":"https:\/\/speedovacation.com\/","name":"Go Full Speedo","description":"","publisher":{"@id":"https:\/\/speedovacation.com\/#organization"},"potentialAction":[{"@type":"SearchAction","target":{"@type":"EntryPoint","urlTemplate":"https:\/\/speedovacation.com\/?s={search_term_string}"},"query-input":{"@type":"PropertyValueSpecification","valueRequired":true,"valueName":"search_term_string"}}],"inLanguage":"es"},{"@type":"Organization","@id":"https:\/\/speedovacation.com\/#organization","name":"Go Full Speedo","url":"https:\/\/speedovacation.com\/","logo":{"@type":"ImageObject","inLanguage":"es","@id":"https:\/\/speedovacation.com\/#\/schema\/logo\/image\/","url":"http:\/\/speedovacation.com\/wp-content\/uploads\/logo-speedo.png","contentUrl":"http:\/\/speedovacation.com\/wp-content\/uploads\/logo-speedo.png","width":287,"height":192,"caption":"Go Full Speedo"},"image":{"@id":"https:\/\/speedovacation.com\/#\/schema\/logo\/image\/"}}]}},"_links":{"self":[{"href":"https:\/\/speedovacation.com\/index.php\/wp-json\/wp\/v2\/pages\/3","targetHints":{"allow":["GET"]}}],"collection":[{"href":"https:\/\/speedovacation.com\/index.php\/wp-json\/wp\/v2\/pages"}],"about":[{"href":"https:\/\/speedovacation.com\/index.php\/wp-json\/wp\/v2\/types\/page"}],"author":[{"embeddable":true,"href":"https:\/\/speedovacation.com\/index.php\/wp-json\/wp\/v2\/users\/1"}],"replies":[{"embeddable":true,"href":"https:\/\/speedovacation.com\/index.php\/wp-json\/wp\/v2\/comments?post=3"}],"version-history":[{"count":9,"href":"https:\/\/speedovacation.com\/index.php\/wp-json\/wp\/v2\/pages\/3\/revisions"}],"predecessor-version":[{"id":721,"href":"https:\/\/speedovacation.com\/index.php\/wp-json\/wp\/v2\/pages\/3\/revisions\/721"}],"wp:attachment":[{"href":"https:\/\/speedovacation.com\/index.php\/wp-json\/wp\/v2\/media?parent=3"}],"curies":[{"name":"wp","href":"https:\/\/api.w.org\/{rel}","templated":true}]}}