{"id":301,"date":"2024-06-20T11:52:49","date_gmt":"2024-06-20T09:52:49","guid":{"rendered":"https:\/\/gofullspeedo.es\/?page_id=301"},"modified":"2026-04-22T15:01:05","modified_gmt":"2026-04-22T13:01:05","slug":"aviso-legal","status":"publish","type":"page","link":"https:\/\/speedovacation.com\/index.php\/aviso-legal\/","title":{"rendered":"Aviso legal"},"content":{"rendered":"\t\t<div data-elementor-type=\"wp-page\" data-elementor-id=\"301\" class=\"elementor elementor-301\" data-elementor-post-type=\"page\">\n\t\t\t\t<div class=\"elementor-element elementor-element-18aa864 e-con-full e-flex e-con e-parent\" data-id=\"18aa864\" data-element_type=\"container\" data-e-type=\"container\" data-settings=\"{&quot;background_background&quot;:&quot;classic&quot;}\">\n\t\t\t\t<div class=\"elementor-element elementor-element-7e506d9 elementor-widget elementor-widget-image\" data-id=\"7e506d9\" data-element_type=\"widget\" data-e-type=\"widget\" data-widget_type=\"image.default\">\n\t\t\t\t<div class=\"elementor-widget-container\">\n\t\t\t\t\t\t\t\t\t\t\t\t\t\t\t\t<a href=\"https:\/\/speedovacation.com\">\n\t\t\t\t\t\t\t<img decoding=\"async\" width=\"104\" height=\"37\" src=\"https:\/\/speedovacation.com\/wp-content\/uploads\/favicon-svg-blanco.svg\" class=\"attachment-full size-full wp-image-571\" alt=\"\" \/>\t\t\t\t\t\t\t\t<\/a>\n\t\t\t\t\t\t\t\t\t\t\t\t\t\t\t<\/div>\n\t\t\t\t<\/div>\n\t\t\t\t<div class=\"elementor-element elementor-element-25db002 elementor-widget elementor-widget-text-editor\" data-id=\"25db002\" data-element_type=\"widget\" data-e-type=\"widget\" data-widget_type=\"text-editor.default\">\n\t\t\t\t<div class=\"elementor-widget-container\">\n\t\t\t\t\t\t\t\t\t<h1><strong>Aviso legal<\/strong><\/h1><p><strong>Aviso Legal -T\u00e9rminos de uso del sitio web <span style=\"color: #ffffff;\"><a style=\"color: #ffffff;\" href=\"https:\/\/speedovacation.com\/\">https:\/\/speedovacation.com\/<\/a><\/span><\/strong><\/p><p><strong>\u00a0<\/strong>\u00a0<\/p><ol><li><strong>Titular del sitio web:<\/strong><\/li><\/ol><p>La titular del dominio y de la p\u00e1gina web <span style=\"color: #ffffff;\"><a style=\"color: #ffffff;\" href=\"https:\/\/speedovacation.com\/\">https:\/\/speedovacation.com\/<\/a> <\/span>\u00a0(en adelante, el Sitio Web) es DICALTEX INTERNACIONAL, S.L. con domicilio social en c\/ Narciso Monturiol, 7, naves 13 y 14, Elche Parque Empresarial, 03203 Elche (Alicante), con NIF: B54361944, debidamente inscrita en el Registro Mercantil de Alicante, al tomo 3.314, folio 112, secci\u00f3n 8, hoja A-113.704. En adelante, DICALTEX.<\/p><p>Puedes contactar con DICALTEX de forma directa y efectiva a trav\u00e9s del correo electr\u00f3nico\u00a0<a href=\"mailto:administracion@dicaltex.es\">administracion@dicaltex.es<\/a>\u00a0o a trav\u00e9s del formulario de contacto dispuesto a tal fin o en el tel\u00e9fono +34 965 453 518.<\/p><p><strong>\u00a0<\/strong><\/p><ol start=\"2\"><li><strong>Utilizaci\u00f3n del Sitio Web:<\/strong><\/li><\/ol><p>A trav\u00e9s del Sitio Web, DICALTEX pone a disposici\u00f3n de los usuarios informaci\u00f3n corporativa y sobre las actividades empresariales que desarrolla.<\/p><p>Se puede acceder al contenido del Sitio Web en espa\u00f1ol e ingl\u00e9s.<\/p><p>A trav\u00e9s del Sitio Web no pueden contratarse sus productos y\/o servicios, sin perjuicio de que es posible que se enlace a otras p\u00e1ginas web a trav\u00e9s de las cu\u00e1les s\u00ed se puede formalizar la contrataci\u00f3n electr\u00f3nica de productos, conforme a lo establecido en las condiciones de contrataci\u00f3n publicadas en cada una de ellas y puestas a disposici\u00f3n del usuario durante el proceso de compra y siempre antes de la realizaci\u00f3n del pedido.<\/p><p>Con el acceso al Sitio Web declaras ser mayor de edad y estar facultado de la capacidad legal suficiente para obligarte, aceptando de forma expresa y sin excepciones que el acceso y uso del Sitio Web de sus servicios y contenidos se realiza bajo tu \u00fanica y exclusiva responsabilidad.<\/p><p>Te obligas en todo momento a hacer un uso adecuado de los recursos puestos a tu disposici\u00f3n a trav\u00e9s del Sitio Web, conforme a lo aqu\u00ed previsto, la moral, el orden p\u00fablico, las buenas costumbres y la legalidad vigente, sin perjudicar ni da\u00f1ar a DICALTEX ni a ning\u00fan tercero, por lo que te comprometes a no utilizar los contenidos y\/o servicios que el Sitio Web ofrece para incurrir en actividades il\u00edcitas, contrarias a la buena fe o al orden p\u00fablico; provocar da\u00f1os en los sistemas f\u00edsicos y l\u00f3gicos de DICALTEX, de sus proveedores o de terceras personas.<\/p><p><strong>\u00a0<\/strong><\/p><ol start=\"3\"><li><strong>Responsabilidad:<\/strong><\/li><\/ol><p>DICALTEX no garantiza que no vayan a producirse interrupciones o errores en el acceso al Sitio Web, sin perjuicio de que tan pronto se tenga conocimiento de cualquier incidencia, se proceder\u00e1 de inmediato a su subsanaci\u00f3n, salvo la concurrencia de causas ajenas al control de DICALTEX.<\/p><ol start=\"4\"><li><strong>Propiedad Intelectual e Industrial de los contenidos del Sitio Web:<\/strong><\/li><\/ol><p>Todos los contenidos publicados en el Sitio Web, tales como im\u00e1genes, audio, v\u00eddeo, software o textos; signos distintivos, logotipos, combinaciones de colores, estructura y dise\u00f1o, aplicaciones necesarias para su funcionamiento, acceso y uso, etc. han sido creados por DICALTEX o esta dispone de la correspondiente licencia y\/o autorizaci\u00f3n para su utilizaci\u00f3n, lo que ha supuesto un esfuerzo intelectual o un desembolso econ\u00f3mico, asumidos ambos\u00a0 \u00edntegramente por DICALTEX, correspondi\u00e9ndole, por tanto los derechos de explotaci\u00f3n de propiedad intelectual sobre los mismos, quedando prohibido de forma expresa la reproducci\u00f3n, distribuci\u00f3n, \u00a0comunicaci\u00f3n p\u00fablica- incluida su modalidad de puesta a disposici\u00f3n \u2013 y la transformaci\u00f3n, de la totalidad o parte de los contenidos del Sitio Web, en cualquier soporte y por cualquier medio t\u00e9cnico, sin previa autorizaci\u00f3n expresa y por escrito de DICALTEX.<\/p><p>Queda de igual forma prohibido suprimir, alterar, eludir o manipular cualquier dispositivo de protecci\u00f3n o sistema de seguridad que estuviera instalado en el Sitio Web.<\/p><p>En cualquier caso, DICALTEX se reserva el derecho a ejercitar cuantas acciones legales pudieran correspondernos en defensa de nuestros leg\u00edtimos intereses.<\/p><ol start=\"5\"><li><strong>Pol\u00edtica de Enlaces:<\/strong><\/li><\/ol><p><strong>5.1. Enlaces desde otros sitios web:<\/strong><\/p><p>Si pretendes enlazar o enlazas desde una p\u00e1gina web de otro portal de Internet a cualquiera de las p\u00e1ginas del Sitio Web, deber\u00e1s someterse a las siguientes condiciones:<\/p><p>\u2013 No se permite, la reproducci\u00f3n total o parcial de ninguno de los servicios ni contenidos del sitio web, ni el establecimiento de deep-links, ni enlaces IMG o de imagen, ni\u00a0<em>frames<\/em>\u00a0con el Sitio Web sin nuestra previa autorizaci\u00f3n expresa y por escrito.<\/p><p>\u2013 No se realizar\u00e1 ninguna manifestaci\u00f3n falsa, inexacta o incorrecta sobre el Sitio Web, ni sobre los servicios o contenidos de la misma. Salvo aquellos signos que formen parte del enlace, la p\u00e1gina web en la que se establezca no contendr\u00e1 ninguna marca, nombre comercial, r\u00f3tulo de establecimiento, denominaci\u00f3n, logotipo, eslogan u otros signos distintivos que nos pertenezcan, salvo que media autorizaci\u00f3n expresa.<\/p><p>\u2013 El establecimiento del enlace no implicar\u00e1 la existencia de relaci\u00f3n alguna entre nosotros y el titular de la p\u00e1gina web o del portal desde el cual se realice, ni el conocimiento y aceptaci\u00f3n por DICALTEX de los servicios y contenidos ofrecidos en dicha p\u00e1gina web o portal.<\/p><p>\u2013 DICALTEX no ser\u00e1 responsable de los contenidos o servicios puestos a disposici\u00f3n del p\u00fablico en la p\u00e1gina web o portal desde el cual se realice el hiperv\u00ednculo, ni de las informaciones y manifestaciones incluidas en los mismos.<\/p><p><strong>\u00a0<\/strong><\/p><p><strong>5.2. Enlaces hacia otras webs:<\/strong><\/p><p>El Sitio Web de DICALTEX puede, en alguna ocasi\u00f3n, poner a tu disposici\u00f3n enlaces hacia otros sitios web gestionados y controlados por terceros, con la\u00a0 exclusiva funci\u00f3n de facilitar la b\u00fasqueda de informaci\u00f3n, contenidos y servicios en Internet, sin que en ning\u00fan caso pueda considerarse que DICALTEX comercializa, dirige, controla previamente o hace propios los contenidos, servicios, informaciones y manifestaciones disponibles en dichos sitios web ajenos a este Sitio Web, declinando cualquier responsabilidad directa, indirecta o subsidiaria por los contenidos, informaciones, comunicaciones, opiniones o servicios alojados en esos sitios webs no gestionados por DICALTEX, ni garantizamos la ausencia de virus u otros elementos en los mismos que puedan producir alteraciones en tus sistemas f\u00edsicos y l\u00f3gicos, documentos o ficheros.<\/p><p>DICALTEX \u00fanicamente ser\u00e1 responsable de los sitios web gestionados directamente por ella.<\/p><ol start=\"6\"><li><strong>Prohibici\u00f3n de t\u00e9cnicas de\u00a0<\/strong><strong><em>screen scraping, web scraping<\/em><\/strong><strong>\u00a0o similares:<\/strong><\/li><\/ol><p>Se proh\u00edbe de forma expresa la utilizaci\u00f3n de t\u00e9cnicas de\u00a0<em>screen scraping, web scraping<\/em>\u00a0o cualquier otra t\u00e9cnica de programaci\u00f3n o de cualquier otra \u00edndole que permita extraer informaci\u00f3n o datos alojados, almacenados o accesible en el Sitio Web sin autorizaci\u00f3n expresa y por escrito de DICALTEX.<\/p><ol start=\"7\"><li><strong>Rese\u00f1as sobre los productos de DICALTEX:<\/strong><\/li><\/ol><p>DICALTEX se reserva su derecho a publicar rese\u00f1as sobre sus productos en el Sitio Web, seleccionadas por DICALTEX entre las rese\u00f1as positivas realizadas por aquellos clientes que han comprado alguno de sus productos.<\/p><p>Por tanto, la publicaci\u00f3n de dichas rese\u00f1as corresponder\u00eda a una pr\u00e1ctica publicitaria habitual y leg\u00edtima de efectuar afirmaciones respecto de las cuales no se pretenda una interpretaci\u00f3n literal.<\/p><ol start=\"8\"><li><strong>Incumplimiento. Derecho de exclusi\u00f3n:<\/strong><\/li><\/ol><p>Cualquier incumplimiento de los presentes t\u00e9rminos de uso as\u00ed como cualquier utilizaci\u00f3n no autorizada del Sitio Web, podr\u00e1 ser objeto de la correspondiente reclamaci\u00f3n judicial o extrajudicial, facultando a DICALTEX a ejercitar las acciones legales oportunas en defensa de sus leg\u00edtimos intereses.<\/p><p>DICALTEX se reserva el derecho a denegar o retirar el acceso al Sitio Web, sin necesidad de preaviso, a instancia propia o de un tercero, a aquellos usuarios que incumplan los presentes t\u00e9rminos de uso.<\/p><p><strong>\u00a0<\/strong><\/p><ol start=\"9\"><li><strong>Tratamiento de datos:<\/strong><\/li><\/ol><p>En caso de que se recaben datos personales a trav\u00e9s de cualquiera de las funcionalidades del Sitio Web, ser\u00e1n tratados conforme a lo previsto en la\u00a0<u>Pol\u00edtica de Privacidad<strong>: <span style=\"color: #ffffff;\"><a style=\"color: #ffffff;\" href=\"https:\/\/speedovacation.com\/index.php\/politica-privacidad\/\">https:\/\/speedovacation.com\/index.php\/politica-privacidad\/<\/a><\/span><br \/><\/strong><\/u><\/p><ol start=\"10\"><li><strong>Ley aplicable:<\/strong><\/li><\/ol><p>Los presentes t\u00e9rminos de uso se regir\u00e1n por la legislaci\u00f3n espa\u00f1ola, aunque la elecci\u00f3n de Ley no te impide invocar la protecci\u00f3n que te ofrecen las disposiciones imperativas de la Ley de tu residencia habitual en el caso de que ostentes la condici\u00f3n de consumidor o usuario.<\/p><p><strong>\u00daltima actualizaci\u00f3n: junio de 2025<\/strong><\/p>\t\t\t\t\t\t\t\t<\/div>\n\t\t\t\t<\/div>\n\t\t\t\t<\/div>\n\t\t\t\t<\/div>\n\t\t","protected":false},"excerpt":{"rendered":"<p>Aviso legal Aviso Legal -T\u00e9rminos de uso del sitio web https:\/\/speedovacation.com\/ \u00a0\u00a0 Titular del sitio web: La titular del dominio y de la p\u00e1gina web https:\/\/speedovacation.com\/ \u00a0(en adelante, el Sitio Web) es DICALTEX INTERNACIONAL, S.L. con domicilio social en c\/ Narciso Monturiol, 7, naves 13 y 14, Elche Parque Empresarial, 03203 Elche (Alicante), con NIF: [&hellip;]<\/p>\n","protected":false},"author":1,"featured_media":0,"parent":0,"menu_order":0,"comment_status":"closed","ping_status":"closed","template":"","meta":{"footnotes":""},"class_list":["post-301","page","type-page","status-publish","hentry"],"yoast_head":"<!-- This site is optimized with the Yoast SEO plugin v27.4 - https:\/\/yoast.com\/product\/yoast-seo-wordpress\/ -->\n<title>Aviso legal - Speedo Vacation<\/title>\n<meta name=\"robots\" content=\"noindex, nofollow\" \/>\n<meta property=\"og:locale\" content=\"es_ES\" \/>\n<meta property=\"og:type\" content=\"article\" \/>\n<meta property=\"og:title\" content=\"Aviso legal - Speedo Vacation\" \/>\n<meta property=\"og:description\" content=\"Aviso legal Aviso Legal -T\u00e9rminos de uso del sitio web https:\/\/speedovacation.com\/ \u00a0\u00a0 Titular del sitio web: La titular del dominio y de la p\u00e1gina web https:\/\/speedovacation.com\/ \u00a0(en adelante, el Sitio Web) es DICALTEX INTERNACIONAL, S.L. con domicilio social en c\/ Narciso Monturiol, 7, naves 13 y 14, Elche Parque Empresarial, 03203 Elche (Alicante), con NIF: [&hellip;]\" \/>\n<meta property=\"og:url\" content=\"https:\/\/speedovacation.com\/index.php\/aviso-legal\/\" \/>\n<meta property=\"og:site_name\" content=\"Speedo Vacation\" \/>\n<meta property=\"article:modified_time\" content=\"2026-04-22T13:01:05+00:00\" \/>\n<meta property=\"og:image\" content=\"http:\/\/speedovacation.com\/wp-content\/uploads\/favicon-svg-blanco.svg\" \/>\n<meta name=\"twitter:card\" content=\"summary_large_image\" \/>\n<meta name=\"twitter:label1\" content=\"Tiempo de lectura\" \/>\n\t<meta name=\"twitter:data1\" content=\"6 minutos\" \/>\n<script type=\"application\/ld+json\" class=\"yoast-schema-graph\">{\"@context\":\"https:\\\/\\\/schema.org\",\"@graph\":[{\"@type\":\"WebPage\",\"@id\":\"https:\\\/\\\/speedovacation.com\\\/index.php\\\/aviso-legal\\\/\",\"url\":\"https:\\\/\\\/speedovacation.com\\\/index.php\\\/aviso-legal\\\/\",\"name\":\"Aviso legal - Speedo Vacation\",\"isPartOf\":{\"@id\":\"https:\\\/\\\/speedovacation.com\\\/#website\"},\"primaryImageOfPage\":{\"@id\":\"https:\\\/\\\/speedovacation.com\\\/index.php\\\/aviso-legal\\\/#primaryimage\"},\"image\":{\"@id\":\"https:\\\/\\\/speedovacation.com\\\/index.php\\\/aviso-legal\\\/#primaryimage\"},\"thumbnailUrl\":\"http:\\\/\\\/speedovacation.com\\\/wp-content\\\/uploads\\\/favicon-svg-blanco.svg\",\"datePublished\":\"2024-06-20T09:52:49+00:00\",\"dateModified\":\"2026-04-22T13:01:05+00:00\",\"breadcrumb\":{\"@id\":\"https:\\\/\\\/speedovacation.com\\\/index.php\\\/aviso-legal\\\/#breadcrumb\"},\"inLanguage\":\"es\",\"potentialAction\":[{\"@type\":\"ReadAction\",\"target\":[\"https:\\\/\\\/speedovacation.com\\\/index.php\\\/aviso-legal\\\/\"]}]},{\"@type\":\"ImageObject\",\"inLanguage\":\"es\",\"@id\":\"https:\\\/\\\/speedovacation.com\\\/index.php\\\/aviso-legal\\\/#primaryimage\",\"url\":\"https:\\\/\\\/speedovacation.com\\\/wp-content\\\/uploads\\\/favicon-svg-blanco.svg\",\"contentUrl\":\"https:\\\/\\\/speedovacation.com\\\/wp-content\\\/uploads\\\/favicon-svg-blanco.svg\",\"width\":104,\"height\":37},{\"@type\":\"BreadcrumbList\",\"@id\":\"https:\\\/\\\/speedovacation.com\\\/index.php\\\/aviso-legal\\\/#breadcrumb\",\"itemListElement\":[{\"@type\":\"ListItem\",\"position\":1,\"name\":\"Portada\",\"item\":\"https:\\\/\\\/speedovacation.com\\\/\"},{\"@type\":\"ListItem\",\"position\":2,\"name\":\"Aviso legal\"}]},{\"@type\":\"WebSite\",\"@id\":\"https:\\\/\\\/speedovacation.com\\\/#website\",\"url\":\"https:\\\/\\\/speedovacation.com\\\/\",\"name\":\"Go Full Speedo\",\"description\":\"\",\"publisher\":{\"@id\":\"https:\\\/\\\/speedovacation.com\\\/#organization\"},\"potentialAction\":[{\"@type\":\"SearchAction\",\"target\":{\"@type\":\"EntryPoint\",\"urlTemplate\":\"https:\\\/\\\/speedovacation.com\\\/?s={search_term_string}\"},\"query-input\":{\"@type\":\"PropertyValueSpecification\",\"valueRequired\":true,\"valueName\":\"search_term_string\"}}],\"inLanguage\":\"es\"},{\"@type\":\"Organization\",\"@id\":\"https:\\\/\\\/speedovacation.com\\\/#organization\",\"name\":\"Go Full Speedo\",\"url\":\"https:\\\/\\\/speedovacation.com\\\/\",\"logo\":{\"@type\":\"ImageObject\",\"inLanguage\":\"es\",\"@id\":\"https:\\\/\\\/speedovacation.com\\\/#\\\/schema\\\/logo\\\/image\\\/\",\"url\":\"http:\\\/\\\/speedovacation.com\\\/wp-content\\\/uploads\\\/logo-speedo.png\",\"contentUrl\":\"http:\\\/\\\/speedovacation.com\\\/wp-content\\\/uploads\\\/logo-speedo.png\",\"width\":287,\"height\":192,\"caption\":\"Go Full Speedo\"},\"image\":{\"@id\":\"https:\\\/\\\/speedovacation.com\\\/#\\\/schema\\\/logo\\\/image\\\/\"}}]}<\/script>\n<!-- \/ Yoast SEO plugin. -->","yoast_head_json":{"title":"Aviso legal - Speedo Vacation","robots":{"index":"noindex","follow":"nofollow"},"og_locale":"es_ES","og_type":"article","og_title":"Aviso legal - Speedo Vacation","og_description":"Aviso legal Aviso Legal -T\u00e9rminos de uso del sitio web https:\/\/speedovacation.com\/ \u00a0\u00a0 Titular del sitio web: La titular del dominio y de la p\u00e1gina web https:\/\/speedovacation.com\/ \u00a0(en adelante, el Sitio Web) es DICALTEX INTERNACIONAL, S.L. con domicilio social en c\/ Narciso Monturiol, 7, naves 13 y 14, Elche Parque Empresarial, 03203 Elche (Alicante), con NIF: [&hellip;]","og_url":"https:\/\/speedovacation.com\/index.php\/aviso-legal\/","og_site_name":"Speedo Vacation","article_modified_time":"2026-04-22T13:01:05+00:00","og_image":[{"url":"http:\/\/speedovacation.com\/wp-content\/uploads\/favicon-svg-blanco.svg","type":"","width":"","height":""}],"twitter_card":"summary_large_image","twitter_misc":{"Tiempo de lectura":"6 minutos"},"schema":{"@context":"https:\/\/schema.org","@graph":[{"@type":"WebPage","@id":"https:\/\/speedovacation.com\/index.php\/aviso-legal\/","url":"https:\/\/speedovacation.com\/index.php\/aviso-legal\/","name":"Aviso legal - Speedo Vacation","isPartOf":{"@id":"https:\/\/speedovacation.com\/#website"},"primaryImageOfPage":{"@id":"https:\/\/speedovacation.com\/index.php\/aviso-legal\/#primaryimage"},"image":{"@id":"https:\/\/speedovacation.com\/index.php\/aviso-legal\/#primaryimage"},"thumbnailUrl":"http:\/\/speedovacation.com\/wp-content\/uploads\/favicon-svg-blanco.svg","datePublished":"2024-06-20T09:52:49+00:00","dateModified":"2026-04-22T13:01:05+00:00","breadcrumb":{"@id":"https:\/\/speedovacation.com\/index.php\/aviso-legal\/#breadcrumb"},"inLanguage":"es","potentialAction":[{"@type":"ReadAction","target":["https:\/\/speedovacation.com\/index.php\/aviso-legal\/"]}]},{"@type":"ImageObject","inLanguage":"es","@id":"https:\/\/speedovacation.com\/index.php\/aviso-legal\/#primaryimage","url":"https:\/\/speedovacation.com\/wp-content\/uploads\/favicon-svg-blanco.svg","contentUrl":"https:\/\/speedovacation.com\/wp-content\/uploads\/favicon-svg-blanco.svg","width":104,"height":37},{"@type":"BreadcrumbList","@id":"https:\/\/speedovacation.com\/index.php\/aviso-legal\/#breadcrumb","itemListElement":[{"@type":"ListItem","position":1,"name":"Portada","item":"https:\/\/speedovacation.com\/"},{"@type":"ListItem","position":2,"name":"Aviso legal"}]},{"@type":"WebSite","@id":"https:\/\/speedovacation.com\/#website","url":"https:\/\/speedovacation.com\/","name":"Go Full Speedo","description":"","publisher":{"@id":"https:\/\/speedovacation.com\/#organization"},"potentialAction":[{"@type":"SearchAction","target":{"@type":"EntryPoint","urlTemplate":"https:\/\/speedovacation.com\/?s={search_term_string}"},"query-input":{"@type":"PropertyValueSpecification","valueRequired":true,"valueName":"search_term_string"}}],"inLanguage":"es"},{"@type":"Organization","@id":"https:\/\/speedovacation.com\/#organization","name":"Go Full Speedo","url":"https:\/\/speedovacation.com\/","logo":{"@type":"ImageObject","inLanguage":"es","@id":"https:\/\/speedovacation.com\/#\/schema\/logo\/image\/","url":"http:\/\/speedovacation.com\/wp-content\/uploads\/logo-speedo.png","contentUrl":"http:\/\/speedovacation.com\/wp-content\/uploads\/logo-speedo.png","width":287,"height":192,"caption":"Go Full Speedo"},"image":{"@id":"https:\/\/speedovacation.com\/#\/schema\/logo\/image\/"}}]}},"_links":{"self":[{"href":"https:\/\/speedovacation.com\/index.php\/wp-json\/wp\/v2\/pages\/301","targetHints":{"allow":["GET"]}}],"collection":[{"href":"https:\/\/speedovacation.com\/index.php\/wp-json\/wp\/v2\/pages"}],"about":[{"href":"https:\/\/speedovacation.com\/index.php\/wp-json\/wp\/v2\/types\/page"}],"author":[{"embeddable":true,"href":"https:\/\/speedovacation.com\/index.php\/wp-json\/wp\/v2\/users\/1"}],"replies":[{"embeddable":true,"href":"https:\/\/speedovacation.com\/index.php\/wp-json\/wp\/v2\/comments?post=301"}],"version-history":[{"count":6,"href":"https:\/\/speedovacation.com\/index.php\/wp-json\/wp\/v2\/pages\/301\/revisions"}],"predecessor-version":[{"id":718,"href":"https:\/\/speedovacation.com\/index.php\/wp-json\/wp\/v2\/pages\/301\/revisions\/718"}],"wp:attachment":[{"href":"https:\/\/speedovacation.com\/index.php\/wp-json\/wp\/v2\/media?parent=301"}],"curies":[{"name":"wp","href":"https:\/\/api.w.org\/{rel}","templated":true}]}}